{"id":2016,"date":"2017-08-29T11:29:15","date_gmt":"2017-08-29T11:29:15","guid":{"rendered":"https:\/\/nataliamartincalvo.com\/?page_id=2016"},"modified":"2024-08-21T03:26:40","modified_gmt":"2024-08-21T03:26:40","slug":"sobre-mi","status":"publish","type":"page","link":"https:\/\/nataliamartincalvo.com\/?page_id=2016","title":{"rendered":"Sobre m\u00ed"},"content":{"rendered":"<h2 style=\"font-weight: 300;\"><em><span style=\"color: #933e92;\"><a href=\"https:\/\/nataliamartincalvo.com\/wp-content\/uploads\/2017\/09\/al-lado-texto-Hatha-Y-e1505555321993.jpg\"><img decoding=\"async\" loading=\"lazy\" class=\"alignright wp-image-2565\" src=\"https:\/\/nataliamartincalvo.com\/wp-content\/uploads\/2017\/09\/al-lado-texto-Hatha-Y-768x1024.jpg\" alt=\"\" width=\"474\" height=\"632\" \/><\/a>Sobre m\u00ed <\/span><\/em><\/h2>\n<blockquote>\n<p style=\"font-weight: 300;\"><span style=\"color: #428591;\"><em>El Movimiento, en especial el baile Flamenco,<\/em><\/span>\t \t <\/p>\n<p><span style=\"color: #428591;\"><em>me ha beneficiado y me ha mantenido sana.<\/em><\/span>\t \t <\/p>\n<p><span style=\"color: #428591;\"><em>El Movimiento es Vida, todo lo que tiene la fuerza<\/em><\/span>\t \t <\/p>\n<p><span style=\"color: #428591;\"><em>y la potencia sanadora, es un flujo de salud,<\/em><\/span>\t \t <\/p>\n<p><span style=\"color: #428591;\"><em>movimiento, belleza y vida.<\/em><\/span><\/p>\n<\/blockquote>\n<p style=\"font-weight: 300;\">Ya es un t\u00f3pico hablar de flamenco y pasi\u00f3n, pero para m\u00ed, sigue siendo una verdad experimentada, esta danza, puedo decir que ha sido y es, un recurso emocional. El flamenco expresa en realidad la fuerza del fuego del esp\u00edritu.<\/p>\n<p style=\"font-weight: 300;\">Animo a contactar con esta danza a todas aquellas personas que sientan que su vida carece de entusiasmo, pasi\u00f3n o sentido, \u00f3 que sientan que lo tienen y que no saben c\u00f3mo encauzarlo o expresarlo.<\/p>\n<p style=\"font-weight: 300;\">Con el baile me encontr\u00e9 con el desarrollo espiritual, motor y despliegue que continua impulsando el sentido de mi acci\u00f3n y pensamiento, y en el que considero, sobre todo en la etapa en la que estoy, que se encuentra el prop\u00f3sito de mi vida.<\/p>\n<p style=\"font-weight: 300;\">Progresar espiritualmente el m\u00e1ximo posible durante este viaje, la frase que est\u00e1 al pie de esta p\u00e1gina web, me vino a la mente al despertarme en una ma\u00f1ana, hace ya 25 a\u00f1os, y todo lo que intento compartir, aportar, ofrecer, est\u00e1 motivado por esta frase, ya sea bailando, dando una charla, ofreciendo un taller o una sesi\u00f3n.<\/p>\n<p style=\"font-weight: 300;\">La parte de m\u00ed que se entusiasma con la expansi\u00f3n de la belleza del alma, y el crecimiento espiritual, me ha llevado al estudio de textos sagrados, en la India y Espa\u00f1a, y tambi\u00e9n me ha llevado a una serie de duros y complejos aprendizajes, los cuales a\u00fan siguen maravill\u00e1ndome.<\/p>\n<p style=\"font-weight: 300;\">Estos estudios me hicieron contactar, con el linaje de Siddha Yoga, el Hatha Yoga y con el Qi Gong.<\/p>\n<p style=\"font-weight: 300;\">Al comienzo de la conexi\u00f3n y crecimiento hacia lo vertical, me di cuenta de todo el recorrido y trabajo por hacer que me quedaba con lo relacional, lo horizontal, todo lo referente en este plano relativo a las improntas creadas en mi experiencia vivida en mi etapa m\u00e1s temprana y que a\u00fan quedaba por explorar e integrar, hab\u00edan bloqueos y era necesario realizar anteriormente un trabajo de reparaci\u00f3n, as\u00ed contact\u00e9 con la terapia de Resoluci\u00f3n del Trauma, la Terapia Prenatal y de Nacimiento, y el acompa\u00f1amiento como Doula.<\/p>\n<p style=\"font-weight: 300;\">Ahora, durante el recorrido de seguir trabajando en m\u00ed, se presentan oportunidades de apoyar y sostener el proceso de otras personas, en sus viajes, en su re-descubrirse, en ese sentir alivio en donde hubo un lamento, en donde se mantiene el lamento pero ya no es sentido como algo que pesa, en donde se toc\u00f3 una desesperaci\u00f3n, y se instalan la paz y la calma sutiles, en donde hubo un vac\u00edo que se llena de conexi\u00f3n y armon\u00eda con el entorno, me llena de dicha el poder observar c\u00f3mo se dan en mi proceso y en el de las personas a las que acompa\u00f1o, las conexiones necesarias, que vuelven a traer la luz, la salud y la fuerza de vida, para una vez fortalecidos por la experiencia que nos trajeron los obst\u00e1culos superados, poder conectar con la coherencia, la plenitud y la paz, que siempre est\u00e1n, que siempre han estado, y que subyacen a cualquier proceso emocional, f\u00edsico o mental. He visto que hasta los errores, y los sucesos desafiantes, est\u00e1n llenos de sentido y traen consigo aprendizajes, crecimiento, evoluci\u00f3n, recursos y dones.<\/p>\n<p style=\"font-weight: 300;\">Ahora, dedico la energ\u00eda de vida que hay en m\u00ed, a construir una vida en salud y bienestar, a encontrar y enfocar en los recursos, para m\u00ed misma, para quienes me rodean, encontrar este lugar en el mundo, de esperanza en la bondad esencial de todos y en todo, y de crecer tanto en lo horizontal, como en lo vertical.<\/p>\n<p style=\"font-weight: 300;\">Y pongo toda mi intenci\u00f3n en que esto suceda en un contexto real, verdadero, vivencial y donde haya seguridad para todos.<\/p>\n<p style=\"font-weight: 300;\"><em>Pr\u00f3xima apertura en Enero 2020 del espacio de Yoga, Terapias y estudio de Filosof\u00eda Advaita <b><strong>SURABHI.<\/strong><\/b><\/em><\/p>\n<h2><\/h2>\n<p>&nbsp;\t \t <\/p>\n<h2 style=\"font-weight: 300; text-align: center;\"><span style=\"color: #933e92;\"><em>---------------------\t \t <\/p>\n<p><\/em><\/span><\/h2>\n<h2 style=\"font-weight: 300; text-align: left;\"><span style=\"color: #933e92;\"><em>Formaciones recibidas<\/em><\/span><\/h2>\n<p style=\"font-weight: 300;\"><em>\u2022 Certificado Resolviendo el Trauma, un m\u00e9todo Somato Energ\u00e9tico. Por el Instituto de Estudios Som\u00e1ticos. James Feil.<\/em><\/p>\n<p style=\"font-weight: 300;\"><em>\u2022 Cursos de Focusing y de Desarrollo de la Inteligencia Corporal Emocional en Ni\u00f1os\/as y Adolescentes con Isabel Gasc\u00f3n, en el Instituto Espa\u00f1ol de Focusing, Madrid.<\/em><\/p>\n<p style=\"font-weight: 300;\"><em>\u2022 Certificaci\u00f3n y Diploma como Terapeuta Prenatal y Proceso de Nacimiento con Ray Castellino, Tara Blasco y Mary Jackson, USA.<\/em><\/p>\n<p style=\"font-weight: 300;\"><em>\u2022 Certificado de TIC, Terapia de Integraci\u00f3n Cerebral en Matar\u00f3, Barcelona.<\/em><\/p>\n<p style=\"font-weight: 300;\"><em>\u2022 Terapeuta Transpersonal, formada en la EeDT, Madrid, donde trabaj\u00f3 durante dos a\u00f1os como Tutora en la Escuela Espa\u00f1ola de Desarrollo Transpersonal.<\/em>\t \t <\/p>\n<p style=\"font-weight: 300;\"><em>\u2022 Respiraci\u00f3n Holotr\u00f3pica, M\u00f3dulo; \u201cEl poder Interior\u201d, Grof Transpersonal Training, impartido por Sitara Blasco en Girona, Espa\u00f1a.<\/em><\/p>\n<p style=\"font-weight: 300;\"><em>\u2022 Renacedora de Rebirthing desde 1995. Formaci\u00f3n en Madrid con Sondra Ray.<\/em><\/p>\n<p style=\"font-weight: 300;\"><em>\u2022 Facilitadora de Constelaciones y Terapia Sist\u00e9mica Transpersonal. EDT Madrid, Espa\u00f1a.<\/em><\/p>\n<p style=\"font-weight: 300;\"><em>\u2022 Estudios de Biodin\u00e1mica Cr\u00e1neo Sacral en Girona, Con Carme Renalias.<\/em><\/p>\n<p style=\"font-weight: 300;\"><em>\u2022 Cursos con Mike Boxhall, \u201cExplorando la Quietud\u201d en Madrid y en Banyoles (Girona).<\/em><\/p>\n<p style=\"font-weight: 300;\"><em>\u2022 Cursos con Cherionna Menzam Sills de \u201cContinuum Movement\u201d, en Altea y Girona.<\/em><\/p>\n<p style=\"font-weight: 300;\"><em>\u2022 Cursos del m\u00e9todo creado por Gabrielle Roth \u201cDanzando 5 ritmos\u201d, impartido por Alain Allard en Barcelona.<\/em><\/p>\n<p style=\"font-weight: 300;\"><em>\u2022 Curso de MBCP, Programa para el Parto y la Maternidad\/ Paternidad basado en Mindfulness, con Nancy Bardacke, en Madrid<\/em><\/p>\n<p style=\"font-weight: 300;\"><em>\u2022 Formaci\u00f3n Doula Perinatal, Parto y Postparto, en LuzNatal, Madrid.<\/em><\/p>\n<p style=\"font-weight: 300;\"><em>\u2022 Postgrado con Paul Vick, \u201cReflejos Primitivos\u201d, en Granada, Espa\u00f1a.<\/em><\/p>\n<p style=\"font-weight: 300;\"><em>\u2022 Postgrado con Michael Shea, \u201cConectar con la compasi\u00f3n en el desarrollo prenatal\u201d, en Altea, Alicante.<\/em><\/p>\n<p style=\"font-weight: 300;\"><em>\u2022 Postgrado con Mary Jackson, \u201cApoyo a las familias a entrar en conexi\u00f3n y a prepararse para el Nacimiento\u201d, en Altea, Alicante.<\/em><\/p>\n<p style=\"font-weight: 300;\"><em>\u2022 Curso con Jaap Van der Wall, \"El embri\u00f3n en nosotros\u201d.<\/em><\/p>\n<p style=\"font-weight: 300;\"><em>\u2022 Formaci\u00f3n en Terapia Craneosacral Obst\u00e9trica Pedi\u00e1trica, con Mar\u00eda \u00c1ngeles Paredes.<\/em><\/p>\n<p style=\"font-weight: 300;\"><em>\u2022 SOMATIC EXPERIENCING, de Peter Levine, nivel I<\/em><\/p>\n<p style=\"font-weight: 300;\"><em>\u2022 Psicoterapia Sensoriomotriz. Nivel I y II. Instituto Carl Rogers, Barcelona<\/em><\/p>\n<p style=\"font-weight: 300;\"><em>\u2022 Formaci\u00f3n Avanzada de Biodin\u00e1mica Cardiovascular (88 horas), impartida por el profesor Carlos Rodeiro en Madrid.<\/em><\/p>\n<p style=\"font-weight: 300;\"><em>\u2022 Curso de Biomagnetismo M\u00e9dico. Nivel I, II y III. Escuela Superior de Biomagnetismo M\u00e9dico Isaac Goiz Dur\u00e1n, en Quer\u00e9taro, M\u00e9xico.<\/em><\/p>\n<p style=\"font-weight: 300;\"><em>\u2022 Terapeuta de LNT (La Nueva Terapia) seg\u00fan el M\u00e9todo Schwiderski.<\/em><\/p>\n<p style=\"font-weight: 300;\"><em>_________________________________________<\/em><\/p>\n<p style=\"font-weight: 300;\"><em>\u2022 Profesora de Yoga titulada por: INTERNATIONAL SIVANANDA YOGA VEDANTA CENTRES y por Shantarasa Yoga. Yoga Alliance. India.<\/em><\/p>\n<p style=\"font-weight: 300;\"><em>\u2022 Estudios de Filosof\u00eda, pr\u00e1ctica del Yoga y Vedanta Advaita con Swami Satyananda Saraswati y con Swami Nityananda Giri. (Tiruvannamalai), India.<\/em><\/p>\n<p style=\"font-weight: 300;\"><em>\u2022 Postgrado \u201cPatanjali y los lugares del cuerpo\u201d, con Claude Marechal, en Denia, Valencia.<\/em><\/p>\n<p style=\"font-weight: 300;\"><em>\u2022 Cursos con Claire Ingrid Suanzes Rey, en Madrid, de YOGAHORMONAL, m\u00e9todo creado por Dinah Rodrigues.<\/em><\/p>\n<p style=\"font-weight: 300;\"><em>\u2022 Primer a\u00f1o de formaci\u00f3n Qi Gong, con Yves Requena, en el Escorial, Madrid.<\/em><\/p>\n<p style=\"font-weight: 300;\"><em>\u2022 Cursos de Qi Gong para la Mujer, con la Dr. Martine Depondt Gadet, en el Escorial, Madrid.<\/em><\/p>\n<p style=\"font-weight: 300;\"><em>\u2022 Instructora de Meditaci\u00f3n, escuelas EDT de Espa\u00f1a y por Shantarasa Yoga, India.<\/em><\/p>\n<p style=\"font-weight: 300;\"><em>_______________________________________<\/em><\/p>\n<p style=\"font-weight: 300;\"><em>\u2022 Desde 1983 hasta 2008, y durante mi profesi\u00f3n como bailaora, continu\u00e9 asistiendo a clases con Maestros de Ballet Cl\u00e1sico, en la Academia de Luis Fuentes, Madrid, y recib\u00ed clases de Flamenco y Danza Espa\u00f1ola en el Centro de Arte Flamenco \u201cAmor de Dios\u201d, Madrid, con grandes Maestros como son; El \u201cGuito\u201d, Carmela Greco, Manolete, \u201cCiro\u201d, Manuela Vargas, \u201cAzorin\u201d, Paco Fern\u00e1ndez, Inmaculada Ortega, entre otros.<\/em><\/p>\n<p style=\"font-weight: 300;\"><em>\u2022 Cursos de Butho (danza japonesa) con Diego Pi\u00f1\u00f3n en Madrid.<\/em><\/p>\n<p style=\"font-weight: 300;\"><em>\u2022 Cursos de Danza Kathak ( danza hind\u00fa), con Sharmini en Madrid.<\/em><\/p>\n<p style=\"font-weight: 300;\"><em>\u2022 Clases de Biodanza con Margarita Kargher en Madrid.<\/em><\/p>\n<p style=\"font-weight: 300;\"><em>\u2022 Clases de Interpretaci\u00f3n y danza enfocada al teatro, con Guillermo Angeleli, Buenos Aires (Argentina).<\/em><\/p>\n<p style=\"font-weight: 300;\"><em>\u2022 Primer a\u00f1o de formaci\u00f3n de interpretaci\u00f3n en la Escuela del Teatro de la Danza (TDM) Cursos de Feldenkreis con Roberto Liaskoski en Madrid.<\/em><\/p>\n<p style=\"font-weight: 300;\"><em>_______________________________________<\/em><\/p>\n<p style=\"font-weight: 300;\"><em>OTRAS FORMACIONES RECIBIDAS<\/em><\/p>\n<p style=\"font-weight: 300;\"><em>\u2022 Terapeuta Esencias Florales, Bach. Itiee. Instituto de Terapias Energ\u00e9ticas. Madrid.<\/em><\/p>\n<p style=\"font-weight: 300;\"><em>\u2022 Formaci\u00f3n de Masaje Balin\u00e9s. Madrid.<\/em><\/p>\n<p style=\"font-weight: 300;\"><em>\u2022 Cursos de Radiestesia con Julia Valverde. Madrid.<\/em><\/p>\n<p style=\"font-weight: 300;\"><em>\u2022 Cursos de Terapia por Colores con Maria del Campo. Madrid.<\/em><\/p>\n<p style=\"font-weight: 300;\"><em>\u2022 Gemoterapia y Sanaci\u00f3n con cristales, con Beate Magdalena Schweder, en Madrid.<\/em><\/p>\n<p style=\"font-weight: 300;\"><em>_______________________________________<\/em><\/p>\n<p style=\"font-weight: 300;\"><b><i>Actualmente ofreciendo sesi\u00f3nes, talleres, clases de Hatha Yoga, Meditaci\u00f3n y Flamenco Terap\u00e9utico.<\/i><\/b><\/p>\n<h2 style=\"font-weight: 300; text-align: center;\"><span style=\"color: #933e92;\"><em>---------------------\t \t <\/p>\n<p><\/em><\/span><\/h2>\n<h2 style=\"font-weight: 300; text-align: left;\"><span style=\"color: #933e92;\"><em>Experiencia como Bailaora profesional de Flamenco<\/em><\/span><\/h2>\n<p style=\"font-weight: 300;\">Durante mis 32 a\u00f1os de experiencia y recorrido como Core\u00f3grafa y Bailaora de Flamenco he desarrollado mi trabajo en distintos medios:<\/p>\n<p style=\"font-weight: 300;\"><em>\u2022 2 a\u00f1os en la compa\u00f1\u00eda de Antonio Gades, 1 a\u00f1o y medio en la compa\u00f1\u00eda de Manuela Vargas.<\/em><\/p>\n<p style=\"font-weight: 300;\"><em>\u2022 Tambi\u00e9n en las compa\u00f1\u00edas de Mario Maya, (durante los Juegos Ol\u00edmpicos de Invierno de Sierra Nevada), Manolete, Carmen Cort\u00e9s, Rafael Aguilar, Paco Pe\u00f1a, entre otros.<\/em><\/p>\n<p style=\"font-weight: 300;\"><em>\u2022 En la Antolog\u00eda de la Zarzuela.<\/em><\/p>\n<p style=\"font-weight: 300;\"><em>\u2022 En los tablaos: \"El Flamenco\" en Tokio, con el grupo de Manolete, \"Caf\u00e9 de Chinitas\", \"Zambra\", \"Corral de la Pacheca\", \"Corral de la Morer\u00eda\", Madrid, en \u00e9ste \u00faltimo por dos a\u00f1os, alternando con giras de diferentes compa\u00f1\u00edas.<\/em><\/p>\n<p style=\"font-weight: 300;\"><em>\u2022 Fu\u00ed bailarina solista en los teatros:<br \/>\n- \"Cervantes\" de Buenos Aires.<br \/>\n- \"Royal Albert Hall\" de Londres.<br \/>\n- Par\u00eds, con el actor y poeta Luis Fuentes.<br \/>\n- En Portugal, con el m\u00fasico Raymond Engelhardt, con un espect\u00e1culo de creaci\u00f3n propia de M\u00fasica y Danza.<\/p>\n<p style=\"font-weight: 300;\"><em>\u2022 Como bailarina en los siguientes teatros:<br \/>\n- \"Yoyogui Stadium\" de Tokio.<br \/>\n- Teatro Real de Madrid.<br \/>\n- Teatro Gran Liceu de Barcelona, (en dos ocasiones).<br \/>\n- Joyce Theater de Nueva York.<\/em><\/p>\n<p style=\"font-weight: 300;\"><em>\u2022 Core\u00f3grafa durante tres temporadas en las escuelas de Jap\u00f3n;<br \/>\n- Escuela \"Tiempo Iberoamericano\", Fukuoka.<br \/>\n- En 2 ocasiones en la escuela \"Spainkikaku\" de Tetsuo Yoshikawa en Osaka, Jap\u00f3n.<\/em><\/p>\n<p style=\"font-weight: 300;\"><em>\u2022 18 viajes a Jap\u00f3n como Core\u00f3grafa y bailarina solista.<\/em><\/p>\n<p style=\"font-weight: 300;\">Y m\u00e1s; continuamos ahora coreografiando en esta obra llamada VIDA con el mayor Arte y Conciencia posible.<\/p>\n<p style=\"font-weight: 300;\"><span style=\"color: #428591;\"><em>Despu\u00e9s de a\u00f1o y medio de descanso como \"Flamenca\" retom\u00e9 en M\u00e9xico 2021 con mucho entusiasmo.<\/em><\/span><\/p>\n<p style=\"font-weight: 300;\"><em>_______________________________________<\/em><\/p>\n<p style=\"font-weight: 300;\"><b><i>Disponible para trabajar como Core\u00f3grafa y Bailaora de Flamenco.<\/i><\/b><\/p>\n<p style=\"font-weight: 300;\"><em><i>Natalia<br \/>\nShivani<\/p>\n","protected":false},"excerpt":{"rendered":"<p>Sobre m\u00ed El Movimiento, en especial el baile Flamenco, me ha beneficiado y me ha mantenido sana. El Movimiento es Vida, todo lo que tiene la fuerza y la potencia sanadora, es un flujo de salud, movimiento, belleza y vida. Ya es un t\u00f3pico hablar de flamenco y pasi\u00f3n, pero para m\u00ed, sigue siendo una [&hellip;]<\/p>\n","protected":false},"author":1,"featured_media":0,"parent":0,"menu_order":0,"comment_status":"closed","ping_status":"closed","template":"","meta":[],"acf":[],"_links":{"self":[{"href":"https:\/\/nataliamartincalvo.com\/index.php?rest_route=\/wp\/v2\/pages\/2016"}],"collection":[{"href":"https:\/\/nataliamartincalvo.com\/index.php?rest_route=\/wp\/v2\/pages"}],"about":[{"href":"https:\/\/nataliamartincalvo.com\/index.php?rest_route=\/wp\/v2\/types\/page"}],"author":[{"embeddable":true,"href":"https:\/\/nataliamartincalvo.com\/index.php?rest_route=\/wp\/v2\/users\/1"}],"replies":[{"embeddable":true,"href":"https:\/\/nataliamartincalvo.com\/index.php?rest_route=%2Fwp%2Fv2%2Fcomments&post=2016"}],"version-history":[{"count":35,"href":"https:\/\/nataliamartincalvo.com\/index.php?rest_route=\/wp\/v2\/pages\/2016\/revisions"}],"predecessor-version":[{"id":2925,"href":"https:\/\/nataliamartincalvo.com\/index.php?rest_route=\/wp\/v2\/pages\/2016\/revisions\/2925"}],"wp:attachment":[{"href":"https:\/\/nataliamartincalvo.com\/index.php?rest_route=%2Fwp%2Fv2%2Fmedia&parent=2016"}],"curies":[{"name":"wp","href":"https:\/\/api.w.org\/{rel}","templated":true}]}}